{"id":2025,"date":"2021-03-02T21:01:57","date_gmt":"2021-03-02T21:01:57","guid":{"rendered":"https:\/\/nuovo01.brovedanigroup.com\/?page_id=2025"},"modified":"2025-04-07T10:16:04","modified_gmt":"2025-04-07T10:16:04","slug":"privacy","status":"publish","type":"page","link":"https:\/\/www.brovedanigroup.com\/index.php\/privacy\/","title":{"rendered":"Privacy"},"content":{"rendered":"\n<section class=\"section section-padded \"><div class=\"container-fluid\"><div class=\"row-fluid\">\n\n\n<p>Gentile Visitatore, a seguito della consultazione di questo sito web possono essere trattati dati relativi a persone fisiche identificate o identificabili.<\/p>\n<p>In riferimento a tale trattamento di dati si rendono, anche ai sensi dell\u2019art. 13 del Regolamento generale europeo sulla protezione dei dati (Regolamento UE 2016\/679), le seguenti informazioni, la cui validit\u00e0 non \u00e8 estesa per eventuali altri siti web esterni consultati dall\u2019utente tramite link presenti su questo sito.<\/p>\n<p><u>Con la prosecuzione della navigazione, e con l\u2019eventuale invio tramite ns. indirizzo di posta elettronica di richiesta di informazioni, preventivi o di altre comunicazioni<\/u>, si danno per acquisite queste informazioni generali sul trattamento, nonch\u00e9 le eventuali specifiche informazioni legate a trattamenti per finalit\u00e0 diverse e specifiche, e l\u2019utente esplicita il relativo consenso ai trattamenti.\u00a0<u>Si sottolinea che il consenso \u00e8 valido unicamente se proviene da persona maggiorenne o da minore che abbia compiuto i 14 anni<\/u>\u00a0(Art.2 \u2013 Quinques D.Lgs. 196 del 2003).<\/p>\n<p>Titolare del trattamento<\/p>\n<p><strong>BROVEDANI GROUP SPA<\/strong><\/p>\n<p>Via Venzone 9 \u2013 33078 San Vito al Tagliamento (PN) &#8211; Italy<\/p>\n<p>IT01533350938<\/p>\n<p>TEL +39 0434 849511<\/p>\n<p>FAX +39 0434 849564<\/p>\n<p><a href=\"mailto:privacy@brovedanigroup.com\"><strong>privacy@brovedanigroup.com<\/strong><\/a><\/p>\n<p>Responsabile della protezione dei dati (RPD)<\/p>\n<p>Il Titolare del trattamento ha designato un responsabile della protezione dei dati (RPD) a cui gli interessati possono rivolgersi per questioni relative all&#8217;esercizio dei loro diritti e richiedere informazioni sui loro dati personali elaborati dal responsabile del trattamento dei dati.<\/p>\n<p>Il Responsabile della protezione dei dati del sito di Brovedani Group Spa \u00e8 il sig. Deni Vian che pu\u00f2 essere contattato presso la sede legale di Porcia, Via Boite\u00a0 , 2\/L &#8211; 33080, Porcia (PN), e alla seguente e-mail: domini@miobusiness.com<\/p>\n<p>TIPI DI DATI TRATTATI<\/p>\n<p>Dati di navigazione<\/p>\n<p>I sistemi informatici e le procedure software preposte al funzionamento di questo sito web acquisiscono, nel corso del loro normale esercizio, alcuni dati personali la cui trasmissione \u00e8 implicita nell\u2019uso dei protocolli di comunicazione di Internet.<\/p>\n<p>Si tratta di informazioni che non sono raccolte per essere associate a interessati identificati, ma che per loro stessa natura potrebbero, attraverso elaborazioni ed associazioni con dati detenuti da terzi, permettere di identificare gli utenti.<\/p>\n<p>In questa categoria di dati rientrano, ad esempio, gli indirizzi IP o i nomi a dominio dei computer o degli altri strumenti utilizzati dagli utenti che si connettono al sito, gli indirizzi in notazione URI (Uniform Resource Identifier) delle risorse richieste, l\u2019orario della richiesta, il metodo utilizzato nel sottoporre la richiesta al server, la dimensione del file ottenuto in risposta, il codice numerico indicante lo stato della risposta data dal server (buon fine, errore, ecc.) ed altri parametri relativi al sistema operativo e all\u2019ambiente informatico dell\u2019utente.<\/p>\n<p>Questi dati vengono utilizzati al solo fine di ricavare informazioni statistiche anonime sull\u2019uso del sito e per controllarne il corretto funzionamento e vengono cancellati immediatamente dopo l\u2019elaborazione.<\/p>\n\n\n<h2 class=\"wp-block-heading\">Cookies<\/h2>\n\n\n<p>Per un maggiore dettaglio circa la natura e la gestione dei dati di navigazione utilizzati in questo sito si rimanda alla Cookies policy.<\/p>\n<p>Dati forniti volontariamente dall\u2019utente<\/p>\n<p>L\u2019invio facoltativo, esplicito e volontario di posta elettronica all\u2019indirizzo indicato su questo sito comporta la successiva acquisizione dell\u2019indirizzo del mittente, necessario per rispondere alle richieste, nonch\u00e9 degli eventuali altri dati personali inseriti nella missiva.<\/p>\n<p>Finalit\u00e0 del trattamento e facoltativit\u00e0 del conferimento dei dati<\/p>\n<p>A parte quanto specificato per i dati di navigazione e per i cookies tecnici, l\u2019utente \u00e8 libero di fornire i propri dati personali attraverso l\u2019utilizzo del ns. indirizzo di posta elettronica per richiedere l\u2019invio di materiale informativo o di altre comunicazioni e, pi\u00f9 in generale, per le finalit\u00e0 riportate nelle relative e specifiche informative. Il loro mancato conferimento pu\u00f2 comportare l\u2019impossibilit\u00e0 di ottenere quanto richiesto.<\/p>\n<p>Modalit\u00e0 del trattamento<\/p>\n<p>I dati personali sono trattati solo per il tempo strettamente necessario a conseguire gli scopi per cui sono stati raccolti. I dati saranno trattati sia elettronicamente che in forma cartacea ma, in ogni caso, minimizzando l&#8217;utilizzo di dati identificabili a quanto necessario per le finalit\u00e0 sopra citate. Inoltre, il Titolare del trattamento ha implementato le misure di sicurezza prescritte dalle leggi applicabili per proteggere i dati.<\/p>\n<p><strong>Diritti degli interessati<\/strong><\/p>\n<p>Ai soggetti cui si riferiscono i dati personali trattati sono garantiti tutti i diritti di cui agli articoli 15, 16, 17, 18 del Regolamento 679 (accesso con conferma dell\u2019esistenza o meno del trattamento dei propri dati; rettifica, cancellazione e limitazione del trattamento quando ne ricorrano i casi).<\/p>\n<p>L\u2019utente interessato ha il diritto di opporsi in ogni caso, per motivi legittimi, al loro trattamento.<\/p>\n<p>Le richieste vanno rivolte:<\/p>\n<p>\u2013 via e-mail, <a href=\"mailto:privacy@brovedanigroup.com\"><strong>privacy@brovedanigroup.com<\/strong><\/a>&nbsp;&nbsp; &nbsp;\u2013 oppure via posta, a : BROVEDANI GROUP SPA &#8211; Via Venzone 9 \u2013 33078 San Vito al Tagliamento (PN) \u2013 Italy.<\/p>\n\n\n<\/div><\/div><\/section>\n","protected":false},"excerpt":{"rendered":"","protected":false},"author":1,"featured_media":0,"parent":0,"menu_order":0,"comment_status":"open","ping_status":"closed","template":"template-full-nopad.php","meta":{"footnotes":""},"class_list":["post-2025","page","type-page","status-publish","hentry"],"_links":{"self":[{"href":"https:\/\/www.brovedanigroup.com\/index.php\/wp-json\/wp\/v2\/pages\/2025","targetHints":{"allow":["GET"]}}],"collection":[{"href":"https:\/\/www.brovedanigroup.com\/index.php\/wp-json\/wp\/v2\/pages"}],"about":[{"href":"https:\/\/www.brovedanigroup.com\/index.php\/wp-json\/wp\/v2\/types\/page"}],"author":[{"embeddable":true,"href":"https:\/\/www.brovedanigroup.com\/index.php\/wp-json\/wp\/v2\/users\/1"}],"replies":[{"embeddable":true,"href":"https:\/\/www.brovedanigroup.com\/index.php\/wp-json\/wp\/v2\/comments?post=2025"}],"version-history":[{"count":9,"href":"https:\/\/www.brovedanigroup.com\/index.php\/wp-json\/wp\/v2\/pages\/2025\/revisions"}],"predecessor-version":[{"id":4700,"href":"https:\/\/www.brovedanigroup.com\/index.php\/wp-json\/wp\/v2\/pages\/2025\/revisions\/4700"}],"wp:attachment":[{"href":"https:\/\/www.brovedanigroup.com\/index.php\/wp-json\/wp\/v2\/media?parent=2025"}],"curies":[{"name":"wp","href":"https:\/\/api.w.org\/{rel}","templated":true}]}}